{"id":657,"date":"2023-05-10T11:31:28","date_gmt":"2023-05-10T09:31:28","guid":{"rendered":"http:\/\/www.c-bits.org\/?page_id=657"},"modified":"2023-05-10T15:03:40","modified_gmt":"2023-05-10T13:03:40","slug":"unternehmen","status":"publish","type":"page","link":"https:\/\/www.c-bits.org\/?page_id=657","title":{"rendered":"Unternehmen"},"content":{"rendered":"\n<h1 class=\"wp-block-heading\">Anschrift<\/h1>\n\n\n\n<h2 class=\"wp-block-heading\"><\/h2>\n\n\n\n<p>CREATIVE BUSINESS IT-SERVICES<br>Ottenbrucherstr. 44<br>42105 Wuppertal<br>Germany<\/p>\n\n\n\n<h2 class=\"wp-block-heading\">Kontakt<\/h2>\n\n\n\n<p>Fon +49.202.277.5.226<br>E-Mail: info@c-bits.org<\/p>\n\n\n\n<h2 class=\"wp-block-heading\">Rechtliche Angaben<\/h2>\n\n\n\n<p>Gesch\u00e4ftsf\u00fchrer: Stefan Mosblech<br>Reg.-Gericht Wuppertal: HRB 10405<br>UIDNR: DE214651341<\/p>\n\n\n\n<h2 class=\"wp-block-heading\">Haftungshinweis<\/h2>\n\n\n\n<p>Trotz sorgf\u00e4ltiger inhaltlicher Kontrolle \u00fcbernehmen wir keine Haftung f\u00fcr Inhalte externer Links. F\u00fcr den Inhalt verlinkter Seiten sind ausschlie\u00dflich deren Betreiber verantwortlich.<\/p>\n\n\n\n<h2 class=\"wp-block-heading has-small-font-size\">Konzept, Design, Bilder &amp; Umsetzung<br>C-BiTS &#8211;&nbsp;<a href=\"http:\/\/www.c-bits.org\" data-type=\"URL\" data-id=\"www.c-bits.org\">www.C-BiTS.org<\/a><\/h2>\n","protected":false},"excerpt":{"rendered":"<p>Anschrift CREATIVE BUSINESS IT-SERVICESOttenbrucherstr. 4442105 WuppertalGermany Kontakt Fon +49.202.277.5.226E-Mail: info@c-bits.org Rechtliche Angaben Gesch\u00e4ftsf\u00fchrer: Stefan MosblechReg.-Gericht Wuppertal: HRB 10405UIDNR: DE214651341 Haftungshinweis Trotz sorgf\u00e4ltiger inhaltlicher Kontrolle \u00fcbernehmen wir keine Haftung f\u00fcr Inhalte externer Links. F\u00fcr den Inhalt verlinkter Seiten sind ausschlie\u00dflich deren Betreiber verantwortlich. Konzept, Design, Bilder &amp; UmsetzungC-BiTS &#8211;&nbsp;www.C-BiTS.org<\/p>\n","protected":false},"author":1,"featured_media":0,"parent":0,"menu_order":0,"comment_status":"closed","ping_status":"closed","template":"","meta":{"footnotes":""},"class_list":["post-657","page","type-page","status-publish","hentry"],"blocksy_meta":[],"_links":{"self":[{"href":"https:\/\/www.c-bits.org\/index.php?rest_route=\/wp\/v2\/pages\/657","targetHints":{"allow":["GET"]}}],"collection":[{"href":"https:\/\/www.c-bits.org\/index.php?rest_route=\/wp\/v2\/pages"}],"about":[{"href":"https:\/\/www.c-bits.org\/index.php?rest_route=\/wp\/v2\/types\/page"}],"author":[{"embeddable":true,"href":"https:\/\/www.c-bits.org\/index.php?rest_route=\/wp\/v2\/users\/1"}],"replies":[{"embeddable":true,"href":"https:\/\/www.c-bits.org\/index.php?rest_route=%2Fwp%2Fv2%2Fcomments&post=657"}],"version-history":[{"count":5,"href":"https:\/\/www.c-bits.org\/index.php?rest_route=\/wp\/v2\/pages\/657\/revisions"}],"predecessor-version":[{"id":680,"href":"https:\/\/www.c-bits.org\/index.php?rest_route=\/wp\/v2\/pages\/657\/revisions\/680"}],"wp:attachment":[{"href":"https:\/\/www.c-bits.org\/index.php?rest_route=%2Fwp%2Fv2%2Fmedia&parent=657"}],"curies":[{"name":"wp","href":"https:\/\/api.w.org\/{rel}","templated":true}]}}