{"id":471,"date":"2021-08-31T14:25:22","date_gmt":"2021-08-31T12:25:22","guid":{"rendered":"http:\/\/www.c-bits.org\/cbits.dev\/?page_id=471"},"modified":"2026-02-17T16:01:22","modified_gmt":"2026-02-17T15:01:22","slug":"woerterbuch","status":"publish","type":"page","link":"https:\/\/www.c-bits.org\/","title":{"rendered":"Home"},"content":{"rendered":"\n<h1 class=\"wp-block-heading\">digitale Services<\/h1>\n\n\n\n<figure class=\"wp-block-image size-full is-resized\"><img loading=\"lazy\" decoding=\"async\" width=\"739\" height=\"200\" src=\"http:\/\/DESKTOP-CBITS\/cbits\/wp-content\/uploads\/2023\/05\/sp_team.jpg\" alt=\"\" class=\"wp-image-698\" style=\"width:724px;height:auto\" srcset=\"https:\/\/www.c-bits.org\/wp-content\/uploads\/2023\/05\/sp_team.jpg 739w, https:\/\/www.c-bits.org\/wp-content\/uploads\/2023\/05\/sp_team-300x81.jpg 300w\" sizes=\"auto, (max-width: 739px) 100vw, 739px\" \/><\/figure>\n\n\n\n<p><strong>wir sind Ihr <\/strong>Partner f\u00fcr digitale Gesch\u00e4ftsabl\u00e4ufe- und automatisierte Prozesse innerhalb Ihres fachlichen Umfeld. Es unser Ziel, Ihnen die Digitalisierung im Business n\u00e4her zu bringen, dies sind Informationsfl\u00fcsse, Cloud-Dienste und die Einbindung von intelligenten Applikationen, wie auch die Nutzung von KI.<br>Dies sind alles Themen, die wir betrachten sollten um weiter Wettbewerbsf\u00e4hig sein zu k\u00f6nnen.<\/p>\n\n\n\n<p>Das erfahrene Mitarbeiterteam in Zusammenarbeit mit unseren Partner unterst\u00fctzt Sie bei der Umsetzung Ihrer digitalen Services. Wir haben ein gutes Grundverst\u00e4ndnis und Experten f\u00fcr Ihre fachlichen Anforderungen, um diese mit den digitalen M\u00f6glichkeiten zusammen zu bringen und Ihre Ziele effektiver umzusetzen.<br><a href=\"http:\/\/www.c-bits.org\/?page_id=82\" data-type=\"page\" data-id=\"82\"><strong>Sprechen<\/strong><\/a> Sie uns an und erfahren, welche Services f\u00fcr Sie Sinnvoll sind.<\/p>\n\n\n\n<h2 class=\"wp-block-heading\">Gute Informationen f\u00fcr Sie<\/h2>\n\n\n\n<figure class=\"wp-block-image size-full is-resized\"><img decoding=\"async\" src=\"http:\/\/DESKTOP-CBITS\/cbits\/wp-content\/uploads\/2025\/07\/sp_referenzen.jpg\" alt=\"\" class=\"wp-image-738\" style=\"width:732px;height:auto\"\/><\/figure>\n\n\n\n<p>Als Service bieten wir umfassende Beratung an, die Ihnen helfen, die alle digitalen Services f\u00fcr Ihre Gesch\u00e4ftsabl\u00e4ufe transparent machen.<br>Diese Beratung umfasset eine Bewertung Ihrer Gesch\u00e4fts- und Produktionsprozesse sowie die Erkennung von M\u00f6glichkeiten, die von der Implementierung digitaler L\u00f6sungen profitieren k\u00f6nnten. Wir unterst\u00fctzen Sie bei der Umsetzung eines digitalen Ablaufs und stellen sicher, dass Sie die richtigen L\u00f6sungen ausw\u00e4hlen, um Ihre Gesch\u00e4fts- und Produktionsprozesse optimal zu gestalten.<\/p>\n\n\n\n<p><\/p>\n\n\n\n<h2 class=\"wp-block-heading\">Viele Wege f\u00fchren nach Rom &#8211; Wir helfen den Weg zu finden&#8230;<\/h2>\n\n\n\n<figure class=\"wp-block-image size-full\"><img loading=\"lazy\" decoding=\"async\" width=\"739\" height=\"200\" src=\"http:\/\/DESKTOP-CBITS\/cbits\/wp-content\/uploads\/2023\/05\/sp_home.jpg\" alt=\"\" class=\"wp-image-700\" srcset=\"https:\/\/www.c-bits.org\/wp-content\/uploads\/2023\/05\/sp_home.jpg 739w, https:\/\/www.c-bits.org\/wp-content\/uploads\/2023\/05\/sp_home-300x81.jpg 300w\" sizes=\"auto, (max-width: 739px) 100vw, 739px\" \/><\/figure>\n\n\n\n<p>Anwendungen k\u00f6nnen vielschichtig sein, z.B. OnPremise oder Cloud, Standard oder individual L\u00f6sungen wie sieht die optimale L\u00f6sung f\u00fcr Ihr Unternehmen, Prozesse aus. <br>Soll es eine Webbasierte Anwendung sein, m\u00fcssen von \u00fcberall aus auf die ben\u00f6tigten Informationen zuzugreifen. <br>Wir finden gemeinsam digitale Services und L\u00f6sungen, Internet basierten Anwendungen die auf die Bed\u00fcrfnisse Ihres Unternehmens zugeschnitten sind.<br><br>Mit f<strong>olgende Fragen im Unternehmen sollten Sie anfangen und versuchen zu beantworten:<\/strong><br>Wie k\u00f6nnen wir Gesch\u00e4ftsprozesse effizienter gestalten und optimieen ?<br>Kann ich Kosten senken?<\/p>\n\n\n\n<h5 class=\"wp-block-heading\"><strong>Falls Sie Unterst\u00fctzung bei der Kl\u00e4rung dieser Fragen haben sollten, sprechen Sie uns gerne an und wir finden gemeinsam Antworten.<\/strong><\/h5>\n\n\n\n<p>Kontaktieren Sie uns, um zu erfahren, wie Ihnen die digitalen Services erfolgreich Ihre Abl\u00e4ufe helfen und nutzen k\u00f6nnen.<\/p>\n\n\n\n<p><a href=\"http:\/\/www.c-bits.org\/?page_id=82\" data-type=\"link\" data-id=\"http:\/\/www.c-bits.org\/?page_id=82\">Kontaktieren Sie uns<\/a><\/p>\n\n\n\n<p><\/p>\n","protected":false},"excerpt":{"rendered":"<p>digitale Services wir sind Ihr Partner f\u00fcr digitale Gesch\u00e4ftsabl\u00e4ufe- und automatisierte Prozesse innerhalb Ihres fachlichen Umfeld. Es unser Ziel, Ihnen die Digitalisierung im Business n\u00e4her zu bringen, dies sind Informationsfl\u00fcsse, Cloud-Dienste und die Einbindung von intelligenten Applikationen, wie auch die Nutzung von KI.Dies sind alles Themen, die wir betrachten sollten um weiter Wettbewerbsf\u00e4hig sein zu [&hellip;]<\/p>\n","protected":false},"author":1,"featured_media":696,"parent":0,"menu_order":0,"comment_status":"closed","ping_status":"closed","template":"","meta":{"footnotes":""},"class_list":["post-471","page","type-page","status-publish","has-post-thumbnail","hentry"],"blocksy_meta":[],"_links":{"self":[{"href":"https:\/\/www.c-bits.org\/index.php?rest_route=\/wp\/v2\/pages\/471","targetHints":{"allow":["GET"]}}],"collection":[{"href":"https:\/\/www.c-bits.org\/index.php?rest_route=\/wp\/v2\/pages"}],"about":[{"href":"https:\/\/www.c-bits.org\/index.php?rest_route=\/wp\/v2\/types\/page"}],"author":[{"embeddable":true,"href":"https:\/\/www.c-bits.org\/index.php?rest_route=\/wp\/v2\/users\/1"}],"replies":[{"embeddable":true,"href":"https:\/\/www.c-bits.org\/index.php?rest_route=%2Fwp%2Fv2%2Fcomments&post=471"}],"version-history":[{"count":20,"href":"https:\/\/www.c-bits.org\/index.php?rest_route=\/wp\/v2\/pages\/471\/revisions"}],"predecessor-version":[{"id":719,"href":"https:\/\/www.c-bits.org\/index.php?rest_route=\/wp\/v2\/pages\/471\/revisions\/719"}],"wp:featuredmedia":[{"embeddable":true,"href":"https:\/\/www.c-bits.org\/index.php?rest_route=\/wp\/v2\/media\/696"}],"wp:attachment":[{"href":"https:\/\/www.c-bits.org\/index.php?rest_route=%2Fwp%2Fv2%2Fmedia&parent=471"}],"curies":[{"name":"wp","href":"https:\/\/api.w.org\/{rel}","templated":true}]}}