{"id":14,"date":"2021-03-11T17:37:27","date_gmt":"2021-03-11T16:37:27","guid":{"rendered":"http:\/\/www.c-bits.org\/cbits.dev\/?page_id=14"},"modified":"2023-05-10T14:46:47","modified_gmt":"2023-05-10T12:46:47","slug":"welcome-to-our-portal","status":"publish","type":"page","link":"https:\/\/www.c-bits.org\/?page_id=14","title":{"rendered":"Service Katalog"},"content":{"rendered":"\n<h1 class=\"wp-block-heading\">Wie sieht unsere Projektarbeit aus?<\/h1>\n\n\n\n<p>Sie hat ihre Ausrichtung auf die sich permanent ver\u00e4ndernden Prozessabl\u00e4ufe und die neuen Anforderungen der global und grenzenlos agierenden Unternehmen. Neue Erkenntnisse und Technologien erm\u00f6glichen nicht nur neue effizientere Funktionalit\u00e4t sondern auch mehr Stabilit\u00e4t. Unser Ziel ist es, Ihre Prozesse mit erfahrenen Teams sinnvoll zu analysieren, zu optimieren und ggf. zu erneuern. Aber auch neue Wege aufzuzeigen, um bessere Arbeitsabl\u00e4ufe und Kostenoptimierungen zu erzielen. Dies wird mit unseren langj\u00e4hrig projekterfahrenen Teammitgliedern und Partnern aus dem IT-Technologieumfeld realisiert.<\/p>\n\n\n\n<p><strong>Unser Ziel&#8230;<\/strong><br>Der Weg zu einer guten L\u00f6sung sollte klar definiert und nachvollziehbar sein. Die Realisierung der Ziele muss f\u00fcr alle Seiten transparent, dokumentiert und verst\u00e4ndlich sein. Nicht nur ein gutes Ergebnis ist gefragt, sondern die optimale umsetzbare L\u00f6sung mit hohen Qualit\u00e4tstandards.<\/p>\n\n\n\n<p><strong>Eine L\u00f6sung mit hohen Standards<\/strong><br>Neue Herausforderungen und Ziele sind der Motor f\u00fcr unsere Begeisterung und unsere Kreativit\u00e4t. Wir freuen uns auf die Herausforderungen der Zukunft.<\/p>\n\n\n\n<h1 class=\"wp-block-heading\">Was wir leisten k\u00f6nnen<\/h1>\n\n\n\n<p>Um eine optimale Transparenz unserer Leistungsf\u00e4higkeit und unserer Erfahrung bei der Projektarbeit und unseren Services darzustellen, haben folgende Einstufungen:<\/p>\n\n\n\n<h2 class=\"wp-block-heading\">Level 1<\/h2>\n\n\n\n<p>Beherrschung der elementaren Abl\u00e4ufe innerhalb des gew\u00fcnschten Themas, praktische Erfahrungen liegen vor.<\/p>\n\n\n\n<h2 class=\"wp-block-heading\">Level 2<\/h2>\n\n\n\n<p>Praktische Erfahrung von mehreren Jahren im Thema, mit der F\u00e4higkeit, gew\u00fcnschte Anforderungen und Aufgaben eigenverantwortlich und Zielorientiert innerhalb des vorgegebenen Termins zu l\u00f6sen.<\/p>\n\n\n\n<h2 class=\"wp-block-heading\">Level 3<\/h2>\n\n\n\n<p>Beherrschung des Themas als Spezialist, mit mindestens f\u00fcnf- j\u00e4hriger, kontinuierlicher praktischer Erfahrung. Die F\u00e4higkeit, komplexe Anforderungen zu l\u00f6sen. Strukturierte, analytische Vorgehensweise mit einem enorm hohen Work-Load zeichnen den Level 3 Spezialisten aus.<\/p>\n\n\n\n<figure class=\"wp-block-table\"><table><tbody><tr><th>IT-Projektmanagement<\/th><th>Level 3<\/th><th>Level 2<\/th><th>Level 1<\/th><\/tr><tr><td>Anforderungsanalyse<\/td><td><img loading=\"lazy\" decoding=\"async\" src=\"http:\/\/www.c-bits.org\/cbits.old\/images\/ul_sq.gif\" width=\"10\" height=\"16\" alt=\"X\"><\/td><td>&nbsp;<\/td><td>&nbsp;<\/td><\/tr><tr><td>Projektplanung<\/td><td><img loading=\"lazy\" decoding=\"async\" src=\"http:\/\/www.c-bits.org\/cbits.old\/images\/ul_sq.gif\" width=\"10\" height=\"16\" alt=\"X\"><\/td><td>&nbsp;<\/td><td>&nbsp;<\/td><\/tr><tr><td>Budgetplanung<\/td><td>&nbsp;<\/td><td><img loading=\"lazy\" decoding=\"async\" src=\"http:\/\/www.c-bits.org\/cbits.old\/images\/ul_sq.gif\" width=\"10\" height=\"16\" alt=\"X\"><\/td><td>&nbsp;<\/td><\/tr><tr><td>Resourcenplanung<\/td><td><img loading=\"lazy\" decoding=\"async\" src=\"http:\/\/www.c-bits.org\/cbits.old\/images\/ul_sq.gif\" width=\"10\" height=\"16\" alt=\"X\"><\/td><td>&nbsp;<\/td><td>&nbsp;<\/td><\/tr><tr><td>Zeitmanagement<\/td><td><img loading=\"lazy\" decoding=\"async\" src=\"http:\/\/www.c-bits.org\/cbits.old\/images\/ul_sq.gif\" width=\"10\" height=\"16\" alt=\"X\"><\/td><td>&nbsp;<\/td><td>&nbsp;<\/td><\/tr><tr><td>Presentation \/ Visualisierung<\/td><td>&nbsp;<\/td><td><img loading=\"lazy\" decoding=\"async\" src=\"http:\/\/www.c-bits.org\/cbits.old\/images\/ul_sq.gif\" width=\"10\" height=\"16\" alt=\"X\"><\/td><td>&nbsp;<\/td><\/tr><tr><td>Berichtswesen\/ Dokumentation<\/td><td><img loading=\"lazy\" decoding=\"async\" src=\"http:\/\/www.c-bits.org\/cbits.old\/images\/ul_sq.gif\" width=\"10\" height=\"16\" alt=\"X\"><\/td><td>&nbsp;<\/td><td>&nbsp;<\/td><\/tr><\/tbody><\/table><\/figure>\n\n\n\n<figure class=\"wp-block-table\"><table><tbody><tr><th>SAP (BC) Technologie<\/th><th>Level 3<\/th><th>Level 2<\/th><th>Level 1<\/th><\/tr><tr><td>Appl. Management<\/td><td><img loading=\"lazy\" decoding=\"async\" src=\"http:\/\/www.c-bits.org\/cbits.old\/images\/ul_sq.gif\" width=\"10\" height=\"16\" alt=\"X\"><\/td><td>&nbsp;<\/td><td>&nbsp;<\/td><\/tr><tr><td>Appl. Betreuuung<\/td><td>&nbsp;<\/td><td><img loading=\"lazy\" decoding=\"async\" src=\"http:\/\/www.c-bits.org\/cbits.old\/images\/ul_sq.gif\" width=\"10\" height=\"16\" alt=\"X\"><\/td><td>&nbsp;<\/td><\/tr><tr><td>Systemarchitektur<\/td><td><img loading=\"lazy\" decoding=\"async\" src=\"http:\/\/www.c-bits.org\/cbits.old\/images\/ul_sq.gif\" width=\"10\" height=\"16\" alt=\"X\"><\/td><td>&nbsp;<\/td><td>&nbsp;<\/td><\/tr><tr><td>ABAP\/4\/oo u. Development<\/td><td><img loading=\"lazy\" decoding=\"async\" src=\"http:\/\/www.c-bits.org\/cbits.old\/images\/ul_sq.gif\" width=\"10\" height=\"16\" alt=\"X\"><\/td><td>&nbsp;<\/td><td>&nbsp;<\/td><\/tr><tr><td>Java u. Java-Stack<\/td><td>&nbsp;<\/td><td><img loading=\"lazy\" decoding=\"async\" src=\"http:\/\/www.c-bits.org\/cbits.old\/images\/ul_sq.gif\" width=\"10\" height=\"16\" alt=\"X\"><\/td><td>&nbsp;<\/td><\/tr><tr><td>XI\/ PI-Engine<\/td><td>&nbsp;<\/td><td><img loading=\"lazy\" decoding=\"async\" src=\"http:\/\/www.c-bits.org\/cbits.old\/images\/ul_sq.gif\" width=\"10\" height=\"16\" alt=\"X\"><\/td><td>&nbsp;<\/td><\/tr><tr><td>RFC\/ ALE\/ IDOC\/ XML<\/td><td><img loading=\"lazy\" decoding=\"async\" src=\"http:\/\/www.c-bits.org\/cbits.old\/images\/ul_sq.gif\" width=\"10\" height=\"16\" alt=\"X\"><\/td><td>&nbsp;<\/td><td>&nbsp;<\/td><\/tr><tr><td>Installation und Upgrade<\/td><td><img loading=\"lazy\" decoding=\"async\" src=\"http:\/\/www.c-bits.org\/cbits.old\/images\/ul_sq.gif\" width=\"10\" height=\"16\" alt=\"X\"><\/td><td>&nbsp;<\/td><td>&nbsp;<\/td><\/tr><tr><td>Migrationsprojekte<\/td><td><img loading=\"lazy\" decoding=\"async\" src=\"http:\/\/www.c-bits.org\/cbits.old\/images\/ul_sq.gif\" width=\"10\" height=\"16\" alt=\"X\"><\/td><td>&nbsp;<\/td><td>&nbsp;<\/td><\/tr><\/tbody><\/table><\/figure>\n\n\n\n<figure class=\"wp-block-table\"><table><tbody><tr><th>Programmiersprachen<\/th><th>Level 3<\/th><th>Level 2<\/th><th>Level 1<\/th><\/tr><tr><td>ABAP\/4 u. ABAP\/OO<\/td><td><img loading=\"lazy\" decoding=\"async\" src=\"http:\/\/www.c-bits.org\/cbits.old\/images\/ul_sq.gif\" width=\"10\" height=\"16\" alt=\"X\"><\/td><td>&nbsp;<\/td><td>&nbsp;<\/td><\/tr><tr><td>Visual.Basic<\/td><td><img loading=\"lazy\" decoding=\"async\" src=\"http:\/\/www.c-bits.org\/cbits.old\/images\/ul_sq.gif\" width=\"10\" height=\"16\" alt=\"X\"><\/td><td>&nbsp;<\/td><td>&nbsp;<\/td><\/tr><tr><td>Cobol<\/td><td><img loading=\"lazy\" decoding=\"async\" src=\"http:\/\/www.c-bits.org\/cbits.old\/images\/ul_sq.gif\" width=\"10\" height=\"16\" alt=\"X\"><\/td><td>&nbsp;<\/td><td>&nbsp;<\/td><\/tr><tr><td>Html<\/td><td>&nbsp;<\/td><td><img loading=\"lazy\" decoding=\"async\" src=\"http:\/\/www.c-bits.org\/cbits.old\/images\/ul_sq.gif\" width=\"10\" height=\"16\" alt=\"X\"><\/td><td>&nbsp;<\/td><\/tr><tr><td>Perl<\/td><td>&nbsp;<\/td><td><img loading=\"lazy\" decoding=\"async\" src=\"http:\/\/www.c-bits.org\/cbits.old\/images\/ul_sq.gif\" width=\"10\" height=\"16\" alt=\"X\"><\/td><td>&nbsp;<\/td><\/tr><\/tbody><\/table><\/figure>\n\n\n\n<figure class=\"wp-block-table\"><table><tbody><tr><th>Datenbanken<\/th><th>Level 3<\/th><th>Level 2<\/th><th>Level 1<\/th><\/tr><tr><td>Oracle<\/td><td><img loading=\"lazy\" decoding=\"async\" src=\"http:\/\/www.c-bits.org\/cbits.old\/images\/ul_sq.gif\" width=\"10\" height=\"16\" alt=\"X\"><\/td><td>&nbsp;<\/td><td>&nbsp;<\/td><\/tr><tr><td>MaxDB<\/td><td><img loading=\"lazy\" decoding=\"async\" src=\"http:\/\/www.c-bits.org\/cbits.old\/images\/ul_sq.gif\" width=\"10\" height=\"16\" alt=\"X\"><\/td><td>&nbsp;<\/td><td>&nbsp;<\/td><\/tr><tr><td>Informix<\/td><td>&nbsp;<\/td><td><img loading=\"lazy\" decoding=\"async\" src=\"http:\/\/www.c-bits.org\/cbits.old\/images\/ul_sq.gif\" width=\"10\" height=\"16\" alt=\"X\"><\/td><td>&nbsp;<\/td><\/tr><tr><td>IBM DB2\/4\/6<\/td><td>&nbsp;<\/td><td>&nbsp;<\/td><td><img loading=\"lazy\" decoding=\"async\" src=\"http:\/\/www.c-bits.org\/cbits.old\/images\/ul_sq.gif\" width=\"10\" height=\"16\" alt=\"X\"><\/td><\/tr><tr><td>MS-Sql Server<\/td><td>&nbsp;<\/td><td>&nbsp;<\/td><td><img loading=\"lazy\" decoding=\"async\" src=\"http:\/\/www.c-bits.org\/cbits.old\/images\/ul_sq.gif\" width=\"10\" height=\"16\" alt=\"X\"><\/td><\/tr><\/tbody><\/table><\/figure>\n\n\n\n<figure class=\"wp-block-table\"><table><tbody><tr><th>Betriebssysteme<\/th><th>Level 3<\/th><th>Level 2<\/th><th>Level 1<\/th><\/tr><tr><td>Unix\/ Linux<\/td><td><img loading=\"lazy\" decoding=\"async\" src=\"http:\/\/www.c-bits.org\/cbits.old\/images\/ul_sq.gif\" width=\"10\" height=\"16\" alt=\"X\"><\/td><td>&nbsp;<\/td><td>&nbsp;<\/td><\/tr><tr><td>Windows Client<\/td><td><img loading=\"lazy\" decoding=\"async\" src=\"http:\/\/www.c-bits.org\/cbits.old\/images\/ul_sq.gif\" width=\"10\" height=\"16\" alt=\"X\"><\/td><td>&nbsp;<\/td><td>&nbsp;<\/td><\/tr><tr><td>Windows Server<\/td><td><img loading=\"lazy\" decoding=\"async\" src=\"http:\/\/www.c-bits.org\/cbits.old\/images\/ul_sq.gif\" width=\"10\" height=\"16\" alt=\"X\"><\/td><td>&nbsp;<\/td><td>&nbsp;<\/td><\/tr><tr><td>HP-UX<\/td><td><img loading=\"lazy\" decoding=\"async\" src=\"http:\/\/www.c-bits.org\/cbits.old\/images\/ul_sq.gif\" width=\"10\" height=\"16\" alt=\"X\"><\/td><td>&nbsp;<\/td><td>&nbsp;<\/td><\/tr><tr><td>Sun_Solaris<\/td><td><img loading=\"lazy\" decoding=\"async\" src=\"http:\/\/www.c-bits.org\/cbits.old\/images\/ul_sq.gif\" width=\"10\" height=\"16\" alt=\"X\"><\/td><td>&nbsp;<\/td><td>&nbsp;<\/td><\/tr><tr><td>AIX<\/td><td>&nbsp;<\/td><td><img loading=\"lazy\" decoding=\"async\" src=\"http:\/\/www.c-bits.org\/cbits.old\/images\/ul_sq.gif\" width=\"10\" height=\"16\" alt=\"X\"><\/td><td>&nbsp;<\/td><\/tr><\/tbody><\/table><\/figure>\n\n\n\n<figure class=\"wp-block-table\"><table><tbody><tr><th>Middleware\/ Interfaces<br>Kommunikationsprotokolle<\/th><th>Level 3<\/th><th>Level 2<\/th><th>Level 1<\/th><\/tr><tr><td>Internet\/ Intranet<\/td><td>&nbsp;<\/td><td><img loading=\"lazy\" decoding=\"async\" src=\"http:\/\/www.c-bits.org\/cbits.old\/images\/ul_sq.gif\" width=\"10\" height=\"16\" alt=\"X\"><\/td><td>&nbsp;<\/td><\/tr><tr><td>IBM MQ_Series<\/td><td>&nbsp;<\/td><td><img loading=\"lazy\" decoding=\"async\" src=\"http:\/\/www.c-bits.org\/cbits.old\/images\/ul_sq.gif\" width=\"10\" height=\"16\" alt=\"X\"><\/td><td>&nbsp;<\/td><\/tr><tr><td>SAP XI\/PI Exchange Server<\/td><td><img loading=\"lazy\" decoding=\"async\" src=\"http:\/\/www.c-bits.org\/cbits.old\/images\/ul_sq.gif\" width=\"10\" height=\"16\" alt=\"X\"><\/td><td>&nbsp;<\/td><td>&nbsp;<\/td><\/tr><tr><td>HTML \/ XML (SOAP)<\/td><td>&nbsp;<\/td><td><img loading=\"lazy\" decoding=\"async\" src=\"http:\/\/www.c-bits.org\/cbits.old\/images\/ul_sq.gif\" width=\"10\" height=\"16\" alt=\"X\"><\/td><td>&nbsp;<\/td><\/tr><tr><td>EdiFact<\/td><td>&nbsp;<\/td><td><img loading=\"lazy\" decoding=\"async\" src=\"http:\/\/www.c-bits.org\/cbits.old\/images\/ul_sq.gif\" width=\"10\" height=\"16\" alt=\"X\"><\/td><td>&nbsp;<\/td><\/tr><tr><td>TCP\/IP<\/td><td><img loading=\"lazy\" decoding=\"async\" src=\"http:\/\/www.c-bits.org\/cbits.old\/images\/ul_sq.gif\" width=\"10\" height=\"16\" alt=\"X\"><\/td><td>&nbsp;<\/td><td>&nbsp;<\/td><\/tr><tr><td>Windows Netzwerk<\/td><td><img loading=\"lazy\" decoding=\"async\" src=\"http:\/\/www.c-bits.org\/cbits.old\/images\/ul_sq.gif\" width=\"10\" height=\"16\" alt=\"X\"><\/td><td>&nbsp;<\/td><td>&nbsp;<\/td><\/tr><tr><td>RFC \/ CPIC<\/td><td><img loading=\"lazy\" decoding=\"async\" src=\"http:\/\/www.c-bits.org\/cbits.old\/images\/ul_sq.gif\" width=\"10\" height=\"16\" alt=\"X\"><\/td><td>&nbsp;<\/td><td>&nbsp;<\/td><\/tr><\/tbody><\/table><\/figure>\n","protected":false},"excerpt":{"rendered":"<p>Wie sieht unsere Projektarbeit aus? Sie hat ihre Ausrichtung auf die sich permanent ver\u00e4ndernden Prozessabl\u00e4ufe und die neuen Anforderungen der global und grenzenlos agierenden Unternehmen. Neue Erkenntnisse und Technologien erm\u00f6glichen nicht nur neue effizientere Funktionalit\u00e4t sondern auch mehr Stabilit\u00e4t. Unser Ziel ist es, Ihre Prozesse mit erfahrenen Teams sinnvoll zu analysieren, zu optimieren und ggf. [&hellip;]<\/p>\n","protected":false},"author":1,"featured_media":0,"parent":0,"menu_order":0,"comment_status":"closed","ping_status":"closed","template":"","meta":{"footnotes":""},"class_list":["post-14","page","type-page","status-publish","hentry"],"blocksy_meta":[],"_links":{"self":[{"href":"https:\/\/www.c-bits.org\/index.php?rest_route=\/wp\/v2\/pages\/14","targetHints":{"allow":["GET"]}}],"collection":[{"href":"https:\/\/www.c-bits.org\/index.php?rest_route=\/wp\/v2\/pages"}],"about":[{"href":"https:\/\/www.c-bits.org\/index.php?rest_route=\/wp\/v2\/types\/page"}],"author":[{"embeddable":true,"href":"https:\/\/www.c-bits.org\/index.php?rest_route=\/wp\/v2\/users\/1"}],"replies":[{"embeddable":true,"href":"https:\/\/www.c-bits.org\/index.php?rest_route=%2Fwp%2Fv2%2Fcomments&post=14"}],"version-history":[{"count":27,"href":"https:\/\/www.c-bits.org\/index.php?rest_route=\/wp\/v2\/pages\/14\/revisions"}],"predecessor-version":[{"id":666,"href":"https:\/\/www.c-bits.org\/index.php?rest_route=\/wp\/v2\/pages\/14\/revisions\/666"}],"wp:attachment":[{"href":"https:\/\/www.c-bits.org\/index.php?rest_route=%2Fwp%2Fv2%2Fmedia&parent=14"}],"curies":[{"name":"wp","href":"https:\/\/api.w.org\/{rel}","templated":true}]}}